{"id":1158,"date":"2021-10-29T12:58:20","date_gmt":"2021-10-29T12:58:20","guid":{"rendered":"https:\/\/www.urjc2030.es\/ov\/?page_id=1158"},"modified":"2021-11-24T16:37:25","modified_gmt":"2021-11-24T16:37:25","slug":"mejora-y-reduce-tu-huella-ecologica","status":"publish","type":"page","link":"https:\/\/www.urjc2030.es\/ov\/mejora-y-reduce-tu-huella-ecologica\/","title":{"rendered":"Mejora y Reduce tu Huella Ecol\u00f3gica"},"content":{"rendered":"<p>[et_pb_section fb_built=\u00bb1&#8243; next_background_color=\u00bb#ffffff\u00bb admin_label=\u00bbCABECERA\u00bb _builder_version=\u00bb4.12.0&#8243; _module_preset=\u00bbdefault\u00bb background_color=\u00bbrgba(0,0,0,0.54)\u00bb background_image=\u00bbhttps:\/\/www.urjc2030.es\/ov\/wp-content\/uploads\/sites\/8\/2021\/10\/header-huella-ecologica.jpg\u00bb background_blend=\u00bboverlay\u00bb custom_padding=\u00bb||||false|false\u00bb bottom_divider_style=\u00bbasymmetric2&#8243; da_disable_devices=\u00bboff|off|off\u00bb global_colors_info=\u00bb{}\u00bb da_is_popup=\u00bboff\u00bb da_exit_intent=\u00bboff\u00bb da_has_close=\u00bbon\u00bb da_alt_close=\u00bboff\u00bb da_dark_close=\u00bboff\u00bb da_not_modal=\u00bbon\u00bb da_is_singular=\u00bboff\u00bb da_with_loader=\u00bboff\u00bb da_has_shadow=\u00bbon\u00bb][et_pb_row _builder_version=\u00bb4.5.1&#8243; _module_preset=\u00bbdefault\u00bb global_colors_info=\u00bb{}\u00bb][et_pb_column type=\u00bb4_4&#8243; _builder_version=\u00bb4.5.1&#8243; _module_preset=\u00bbdefault\u00bb global_colors_info=\u00bb{}\u00bb][et_pb_text module_class=\u00bbcolor-grey uppercase\u00bb _builder_version=\u00bb4.12.0&#8243; _module_preset=\u00bbdefault\u00bb text_font=\u00bbBebas Neue||||||||\u00bb text_font_size=\u00bb14px\u00bb header_font=\u00bb|700||on|||||\u00bb header_text_align=\u00bbcenter\u00bb header_text_color=\u00bb#ffffff\u00bb header_font_size=\u00bb50px\u00bb header_2_font=\u00bb|||||on|||\u00bb header_2_text_color=\u00bb#FFFFFF\u00bb header_2_font_size=\u00bb30px\u00bb text_orientation=\u00bbcenter\u00bb custom_margin=\u00bb||1%||false|false\u00bb animation_style=\u00bbslide\u00bb animation_direction=\u00bbbottom\u00bb header_font_size_tablet=\u00bb40px\u00bb header_font_size_phone=\u00bb35px\u00bb header_font_size_last_edited=\u00bbon|phone\u00bb header_2_font_size_tablet=\u00bb26px\u00bb header_2_font_size_phone=\u00bb20px\u00bb header_2_font_size_last_edited=\u00bbon|desktop\u00bb global_colors_info=\u00bb{}\u00bb]<\/p>\n<h1>Mejora y reduce <span class=\"color-red\">tu huella ecol\u00f3gica<\/span><\/h1>\n<div class=\"fusion-title title fusion-title-1 fusion-sep-none fusion-title-text fusion-title-size-one\">\n<h2 class=\"title-heading-left fusion-responsive-typography-calculated\">Avanza hacia un estilo de vida sostenible<\/h2>\n<\/div>\n<p>[\/et_pb_text][\/et_pb_column][\/et_pb_row][\/et_pb_section][et_pb_section fb_built=\u00bb1&#8243; admin_label=\u00bbLA UNIDAD\u00bb module_id=\u00bbla-unidad\u00bb _builder_version=\u00bb4.11.4&#8243; _module_preset=\u00bbdefault\u00bb custom_padding=\u00bb50px||50px||false|false\u00bb bottom_divider_flip=\u00bbvertical|horizontal\u00bb da_popup_slug=\u00bbla-unidad\u00bb da_disable_devices=\u00bboff|off|off\u00bb global_colors_info=\u00bb{}\u00bb da_is_popup=\u00bboff\u00bb da_exit_intent=\u00bboff\u00bb da_has_close=\u00bbon\u00bb da_alt_close=\u00bboff\u00bb da_dark_close=\u00bboff\u00bb da_not_modal=\u00bbon\u00bb da_is_singular=\u00bboff\u00bb da_with_loader=\u00bboff\u00bb da_has_shadow=\u00bbon\u00bb][et_pb_row _builder_version=\u00bb4.6.6&#8243; _module_preset=\u00bbdefault\u00bb custom_padding=\u00bb||0px||false|false\u00bb global_colors_info=\u00bb{}\u00bb][et_pb_column type=\u00bb4_4&#8243; _builder_version=\u00bb4.5.1&#8243; _module_preset=\u00bbdefault\u00bb global_colors_info=\u00bb{}\u00bb][et_pb_text module_class=\u00bbcolor-grey uppercase\u00bb _builder_version=\u00bb4.6.6&#8243; _module_preset=\u00bbdefault\u00bb text_font=\u00bbBebas Neue||||||||\u00bb text_font_size=\u00bb14px\u00bb header_2_font_size=\u00bb48px\u00bb header_2_line_height=\u00bb1.4em\u00bb text_orientation=\u00bbcenter\u00bb custom_margin=\u00bb||1%||false|false\u00bb animation_style=\u00bbfade\u00bb header_2_font_size_tablet=\u00bb40px\u00bb header_2_font_size_phone=\u00bb40px\u00bb header_2_font_size_last_edited=\u00bbon|desktop\u00bb global_colors_info=\u00bb{}\u00bb]<\/p>\n<h2>VEAMOS DE QU\u00c9 SE TRATA<\/h2>\n<p>[\/et_pb_text][et_pb_divider divider_weight=\u00bb3px\u00bb _builder_version=\u00bb4.6.6&#8243; _module_preset=\u00bbdefault\u00bb width=\u00bb75px\u00bb module_alignment=\u00bbcenter\u00bb custom_margin=\u00bb||1%||false|false\u00bb global_colors_info=\u00bb{}\u00bb][\/et_pb_divider][\/et_pb_column][\/et_pb_row][et_pb_row _builder_version=\u00bb4.6.6&#8243; _module_preset=\u00bbdefault\u00bb global_colors_info=\u00bb{}\u00bb][et_pb_column type=\u00bb4_4&#8243; _builder_version=\u00bb4.6.6&#8243; _module_preset=\u00bbdefault\u00bb global_colors_info=\u00bb{}\u00bb][et_pb_text _builder_version=\u00bb4.14.1&#8243; _module_preset=\u00bbdefault\u00bb text_font=\u00bb||||||||\u00bb text_orientation=\u00bbjustified\u00bb hover_enabled=\u00bb0&#8243; global_colors_info=\u00bb{}\u00bb sticky_enabled=\u00bb0&#8243;]<\/p>\n<p>\u00abMejora y reduce tu huella ecol\u00f3gica\u00bb es una actividad incluida en el M\u00f3dulo IV del \u00abRACC Sostenibilidad: criterio y toma de decisiones\u00bb que coordina la Oficina Verde, exclusiva para el alumnado de la\u00a0<a href=\"https:\/\/www.urjc.es\/\" target=\"_blank\" rel=\"noopener\">Universidad Rey Juan Carlos<\/a>. El objetivo de la actividad es reducir tu huella ecol\u00f3gica. Har\u00e1s una medici\u00f3n y an\u00e1lisis de tu situaci\u00f3n personal, luego elegir\u00e1s tus propios retos y acciones.<\/p>\n<p><strong>RECUERDA<\/strong> que para la actividad de RACC es imprescindible realizar tanto el c\u00e1lculo de la huella ecol\u00f3gico c\u00f3mo las 4 encuestas.<\/p>\n<p>Con ello, estar\u00e1s contribuyendo en el corto plazo al logro de los\u00a0<a href=\"https:\/\/www.un.org\/sustainabledevelopment\/es\/objetivos-de-desarrollo-sostenible\/\" target=\"_blank\" rel=\"noopener\">Objetivos de Desarrollo Sostenible<\/a>, en concreto el ODS 12 \u00abProducci\u00f3n y consumo responsables\u00bb, y el ODS 13 \u00abAcci\u00f3n por el clima\u00bb. Tambi\u00e9n, en el largo plazo, estas acciones contribuir\u00e1n a los objetivos de la Uni\u00f3n Europea para la descarbonizaci\u00f3n y neutralidad clim\u00e1tica a 2050.<\/p>\n<p>Las diferentes herramientas que vas a utilizar en ella han sido desarrolladas y son propiedad de la\u00a0<a href=\"https:\/\/www.vidasostenible.org\/\" target=\"_blank\" rel=\"noopener\">Fundaci\u00f3n Vida Sostenible<\/a><\/p>\n<p style=\"margin: 0cm; text-align: justify; background: white; vertical-align: baseline;\"><span style=\"font-size: 11.5pt; font-family: 'Arial',sans-serif; color: #333333;\">Adem\u00e1s, <b>fuera ya del \u00e1mbito del RACC Sostenibilidad<\/b>,\u00a0podr\u00e1s volver a evaluar el logro de las acciones llevadas a cabo en cursos posteriores. <o:p><\/o:p><\/span><\/p>\n<p>[\/et_pb_text][\/et_pb_column][\/et_pb_row][\/et_pb_section][et_pb_section fb_built=\u00bb1&#8243; admin_label=\u00bbCON\u00d3CENOS\u00bb module_id=\u00bbconocenos\u00bb _builder_version=\u00bb4.12.0&#8243; _module_preset=\u00bbdefault\u00bb background_color=\u00bb#cb0017&#8243; background_enable_image=\u00bboff\u00bb custom_padding=\u00bb30px||30px||false|false\u00bb da_popup_slug=\u00bbconocenos\u00bb da_disable_devices=\u00bboff|off|off\u00bb global_colors_info=\u00bb{}\u00bb da_is_popup=\u00bboff\u00bb da_exit_intent=\u00bboff\u00bb da_has_close=\u00bbon\u00bb da_alt_close=\u00bboff\u00bb da_dark_close=\u00bboff\u00bb da_not_modal=\u00bbon\u00bb da_is_singular=\u00bboff\u00bb da_with_loader=\u00bboff\u00bb da_has_shadow=\u00bbon\u00bb][et_pb_row _builder_version=\u00bb4.12.0&#8243; _module_preset=\u00bbdefault\u00bb max_width=\u00bb600px\u00bb module_alignment=\u00bbcenter\u00bb custom_padding=\u00bb||2px|||\u00bb global_colors_info=\u00bb{}\u00bb][et_pb_column type=\u00bb4_4&#8243; _builder_version=\u00bb4.6.6&#8243; _module_preset=\u00bbdefault\u00bb global_colors_info=\u00bb{}\u00bb][et_pb_text module_class=\u00bbsize-40 color-grey uppercase\u00bb _builder_version=\u00bb4.12.0&#8243; _module_preset=\u00bbdefault\u00bb text_font=\u00bbBebas Neue||||||||\u00bb text_font_size=\u00bb14px\u00bb header_2_text_color=\u00bb#ffffff\u00bb header_2_font_size=\u00bb48px\u00bb header_2_line_height=\u00bb1.4em\u00bb text_orientation=\u00bbcenter\u00bb custom_margin=\u00bb||1%||false|false\u00bb animation_style=\u00bbfade\u00bb header_2_font_size_tablet=\u00bb40px\u00bb header_2_font_size_phone=\u00bb40px\u00bb header_2_font_size_last_edited=\u00bbon|tablet\u00bb global_colors_info=\u00bb{}\u00bb]<\/p>\n<div class=\"fusion-title title fusion-title-4 fusion-sep-none fusion-title-center fusion-title-text fusion-title-size-two\">\n<h2 class=\"title-heading-center fusion-responsive-typography-calculated\">\u00a1An\u00edmate a conseguirlo!<\/h2>\n<\/div>\n<p>[\/et_pb_text][et_pb_divider color=\u00bb#ffffff\u00bb divider_weight=\u00bb3px\u00bb admin_label=\u00bbSeparador\u00bb _builder_version=\u00bb4.12.0&#8243; _module_preset=\u00bbdefault\u00bb width=\u00bb75px\u00bb module_alignment=\u00bbcenter\u00bb custom_margin=\u00bb||1%||false|false\u00bb global_colors_info=\u00bb{}\u00bb][\/et_pb_divider][\/et_pb_column][\/et_pb_row][et_pb_row _builder_version=\u00bb4.12.0&#8243; _module_preset=\u00bbdefault\u00bb max_width=\u00bb900px\u00bb module_alignment=\u00bbcenter\u00bb custom_padding=\u00bb0px||||false|false\u00bb global_colors_info=\u00bb{}\u00bb][et_pb_column type=\u00bb4_4&#8243; _builder_version=\u00bb4.6.6&#8243; _module_preset=\u00bbdefault\u00bb global_colors_info=\u00bb{}\u00bb][et_pb_text _builder_version=\u00bb4.12.0&#8243; _module_preset=\u00bbdefault\u00bb text_font=\u00bb||||||||\u00bb text_text_color=\u00bb#ffffff\u00bb text_font_size=\u00bb18px\u00bb text_orientation=\u00bbcenter\u00bb custom_margin=\u00bb||20px||false|false\u00bb global_colors_info=\u00bb{}\u00bb]<\/p>\n<p>Si has llegado hasta aqu\u00ed con la lectura es que est\u00e1s a punto de iniciar una ruta hacia una vida m\u00e1s sostenible. Ver\u00e1s que va a ser sencillo, sigue paso a paso las indicaciones.<\/p>\n<p>[\/et_pb_text][et_pb_button button_url=\u00bbhttps:\/\/www.urjc2030.es\/ov\/mejora-y-reduce-tu-huella-ecologica\/instrucciones\/\u00bb button_text=\u00bbAccede a las instrucciones\u00bb button_alignment=\u00bbcenter\u00bb _builder_version=\u00bb4.12.0&#8243; _module_preset=\u00bbdefault\u00bb custom_button=\u00bbon\u00bb button_text_size=\u00bb14px\u00bb button_border_radius=\u00bb30px\u00bb button_use_icon=\u00bboff\u00bb background_layout=\u00bbdark\u00bb animation_style=\u00bbslide\u00bb animation_direction=\u00bbbottom\u00bb locked=\u00bboff\u00bb global_colors_info=\u00bb{}\u00bb][\/et_pb_button][\/et_pb_column][\/et_pb_row][\/et_pb_section]<\/p>\n","protected":false},"excerpt":{"rendered":"<p>Mejora y reduce tu huella ecol\u00f3gica Avanza hacia un estilo de vida sostenible VEAMOS DE QU\u00c9 SE TRATA\u00abMejora y reduce tu huella ecol\u00f3gica\u00bb es una actividad incluida en el M\u00f3dulo IV del \u00abRACC Sostenibilidad: criterio y toma de decisiones\u00bb que coordina la Oficina Verde, exclusiva para el alumnado de la\u00a0Universidad Rey Juan Carlos. El objetivo [&hellip;]<\/p>\n","protected":false},"author":1,"featured_media":43,"parent":0,"menu_order":0,"comment_status":"closed","ping_status":"closed","template":"","meta":{"_et_pb_use_builder":"on","_et_pb_old_content":"","_et_gb_content_width":"","cybocfi_hide_featured_image":"","footnotes":""},"class_list":["post-1158","page","type-page","status-publish","has-post-thumbnail","hentry"],"yoast_head":"<!-- This site is optimized with the Yoast SEO plugin v27.5 - https:\/\/yoast.com\/product\/yoast-seo-wordpress\/ -->\n<title>Mejora y Reduce tu Huella Ecol\u00f3gica - Oficina Verde<\/title>\n<meta name=\"robots\" content=\"index, follow, max-snippet:-1, max-image-preview:large, max-video-preview:-1\" \/>\n<link rel=\"canonical\" href=\"https:\/\/www.urjc2030.es\/ov\/mejora-y-reduce-tu-huella-ecologica\/\" \/>\n<meta property=\"og:locale\" content=\"es_ES\" \/>\n<meta property=\"og:type\" content=\"article\" \/>\n<meta property=\"og:title\" content=\"Mejora y Reduce tu Huella Ecol\u00f3gica - Oficina Verde\" \/>\n<meta property=\"og:description\" content=\"Mejora y reduce tu huella ecol\u00f3gica Avanza hacia un estilo de vida sostenible VEAMOS DE QU\u00c9 SE TRATA\u00abMejora y reduce tu huella ecol\u00f3gica\u00bb es una actividad incluida en el M\u00f3dulo IV del \u00abRACC Sostenibilidad: criterio y toma de decisiones\u00bb que coordina la Oficina Verde, exclusiva para el alumnado de la\u00a0Universidad Rey Juan Carlos. El objetivo [&hellip;]\" \/>\n<meta property=\"og:url\" content=\"https:\/\/www.urjc2030.es\/ov\/mejora-y-reduce-tu-huella-ecologica\/\" \/>\n<meta property=\"og:site_name\" content=\"Oficina Verde\" \/>\n<meta property=\"article:publisher\" content=\"https:\/\/www.facebook.com\/universidadreyjuancarlos\" \/>\n<meta property=\"article:modified_time\" content=\"2021-11-24T16:37:25+00:00\" \/>\n<meta property=\"og:image\" content=\"https:\/\/www.urjc2030.es\/ov\/wp-content\/uploads\/sites\/8\/2020\/10\/img-post.jpg\" \/>\n\t<meta property=\"og:image:width\" content=\"600\" \/>\n\t<meta property=\"og:image:height\" content=\"413\" \/>\n\t<meta property=\"og:image:type\" content=\"image\/jpeg\" \/>\n<meta name=\"twitter:card\" content=\"summary_large_image\" \/>\n<meta name=\"twitter:site\" content=\"@urjc\" \/>\n<script type=\"application\/ld+json\" class=\"yoast-schema-graph\">{\"@context\":\"https:\\\/\\\/schema.org\",\"@graph\":[{\"@type\":\"WebPage\",\"@id\":\"https:\\\/\\\/www.urjc2030.es\\\/ov\\\/mejora-y-reduce-tu-huella-ecologica\\\/\",\"url\":\"https:\\\/\\\/www.urjc2030.es\\\/ov\\\/mejora-y-reduce-tu-huella-ecologica\\\/\",\"name\":\"Mejora y Reduce tu Huella Ecol\u00f3gica - Oficina Verde\",\"isPartOf\":{\"@id\":\"https:\\\/\\\/www.urjc2030.es\\\/ov\\\/#website\"},\"primaryImageOfPage\":{\"@id\":\"https:\\\/\\\/www.urjc2030.es\\\/ov\\\/mejora-y-reduce-tu-huella-ecologica\\\/#primaryimage\"},\"image\":{\"@id\":\"https:\\\/\\\/www.urjc2030.es\\\/ov\\\/mejora-y-reduce-tu-huella-ecologica\\\/#primaryimage\"},\"thumbnailUrl\":\"https:\\\/\\\/www.urjc2030.es\\\/ov\\\/wp-content\\\/uploads\\\/sites\\\/8\\\/2020\\\/10\\\/img-post.jpg\",\"datePublished\":\"2021-10-29T12:58:20+00:00\",\"dateModified\":\"2021-11-24T16:37:25+00:00\",\"breadcrumb\":{\"@id\":\"https:\\\/\\\/www.urjc2030.es\\\/ov\\\/mejora-y-reduce-tu-huella-ecologica\\\/#breadcrumb\"},\"inLanguage\":\"es\",\"potentialAction\":[{\"@type\":\"ReadAction\",\"target\":[\"https:\\\/\\\/www.urjc2030.es\\\/ov\\\/mejora-y-reduce-tu-huella-ecologica\\\/\"]}]},{\"@type\":\"ImageObject\",\"inLanguage\":\"es\",\"@id\":\"https:\\\/\\\/www.urjc2030.es\\\/ov\\\/mejora-y-reduce-tu-huella-ecologica\\\/#primaryimage\",\"url\":\"https:\\\/\\\/www.urjc2030.es\\\/ov\\\/wp-content\\\/uploads\\\/sites\\\/8\\\/2020\\\/10\\\/img-post.jpg\",\"contentUrl\":\"https:\\\/\\\/www.urjc2030.es\\\/ov\\\/wp-content\\\/uploads\\\/sites\\\/8\\\/2020\\\/10\\\/img-post.jpg\",\"width\":600,\"height\":413,\"caption\":\"Logotipo Universidad Rey Juan Carlos\"},{\"@type\":\"BreadcrumbList\",\"@id\":\"https:\\\/\\\/www.urjc2030.es\\\/ov\\\/mejora-y-reduce-tu-huella-ecologica\\\/#breadcrumb\",\"itemListElement\":[{\"@type\":\"ListItem\",\"position\":1,\"name\":\"Portada\",\"item\":\"https:\\\/\\\/www.urjc2030.es\\\/ov\\\/\"},{\"@type\":\"ListItem\",\"position\":2,\"name\":\"Mejora y Reduce tu Huella Ecol\u00f3gica\"}]},{\"@type\":\"WebSite\",\"@id\":\"https:\\\/\\\/www.urjc2030.es\\\/ov\\\/#website\",\"url\":\"https:\\\/\\\/www.urjc2030.es\\\/ov\\\/\",\"name\":\"Oficina Verde\",\"description\":\"Trabaja para incorporar la sostenibilidad en cualquier \u00e1mbito de nuestra universidad (docencia, investigaci\u00f3n, administraci\u00f3n y gesti\u00f3n)\",\"publisher\":{\"@id\":\"https:\\\/\\\/www.urjc2030.es\\\/ov\\\/#organization\"},\"potentialAction\":[{\"@type\":\"SearchAction\",\"target\":{\"@type\":\"EntryPoint\",\"urlTemplate\":\"https:\\\/\\\/www.urjc2030.es\\\/ov\\\/?s={search_term_string}\"},\"query-input\":{\"@type\":\"PropertyValueSpecification\",\"valueRequired\":true,\"valueName\":\"search_term_string\"}}],\"inLanguage\":\"es\"},{\"@type\":\"Organization\",\"@id\":\"https:\\\/\\\/www.urjc2030.es\\\/ov\\\/#organization\",\"name\":\"Universidad Rey Juan Carlos\",\"url\":\"https:\\\/\\\/www.urjc2030.es\\\/ov\\\/\",\"logo\":{\"@type\":\"ImageObject\",\"inLanguage\":\"es\",\"@id\":\"https:\\\/\\\/www.urjc2030.es\\\/ov\\\/#\\\/schema\\\/logo\\\/image\\\/\",\"url\":\"https:\\\/\\\/www.urjc2030.es\\\/ov\\\/wp-content\\\/uploads\\\/sites\\\/8\\\/2020\\\/10\\\/logoURJC.png\",\"contentUrl\":\"https:\\\/\\\/www.urjc2030.es\\\/ov\\\/wp-content\\\/uploads\\\/sites\\\/8\\\/2020\\\/10\\\/logoURJC.png\",\"width\":800,\"height\":305,\"caption\":\"Universidad Rey Juan Carlos\"},\"image\":{\"@id\":\"https:\\\/\\\/www.urjc2030.es\\\/ov\\\/#\\\/schema\\\/logo\\\/image\\\/\"},\"sameAs\":[\"https:\\\/\\\/www.facebook.com\\\/universidadreyjuancarlos\",\"https:\\\/\\\/x.com\\\/urjc\",\"https:\\\/\\\/www.instagram.com\\\/urjc_uni\\\/?hl=es\"]}]}<\/script>\n<!-- \/ Yoast SEO plugin. -->","yoast_head_json":{"title":"Mejora y Reduce tu Huella Ecol\u00f3gica - Oficina Verde","robots":{"index":"index","follow":"follow","max-snippet":"max-snippet:-1","max-image-preview":"max-image-preview:large","max-video-preview":"max-video-preview:-1"},"canonical":"https:\/\/www.urjc2030.es\/ov\/mejora-y-reduce-tu-huella-ecologica\/","og_locale":"es_ES","og_type":"article","og_title":"Mejora y Reduce tu Huella Ecol\u00f3gica - Oficina Verde","og_description":"Mejora y reduce tu huella ecol\u00f3gica Avanza hacia un estilo de vida sostenible VEAMOS DE QU\u00c9 SE TRATA\u00abMejora y reduce tu huella ecol\u00f3gica\u00bb es una actividad incluida en el M\u00f3dulo IV del \u00abRACC Sostenibilidad: criterio y toma de decisiones\u00bb que coordina la Oficina Verde, exclusiva para el alumnado de la\u00a0Universidad Rey Juan Carlos. El objetivo [&hellip;]","og_url":"https:\/\/www.urjc2030.es\/ov\/mejora-y-reduce-tu-huella-ecologica\/","og_site_name":"Oficina Verde","article_publisher":"https:\/\/www.facebook.com\/universidadreyjuancarlos","article_modified_time":"2021-11-24T16:37:25+00:00","og_image":[{"width":600,"height":413,"url":"https:\/\/www.urjc2030.es\/ov\/wp-content\/uploads\/sites\/8\/2020\/10\/img-post.jpg","type":"image\/jpeg"}],"twitter_card":"summary_large_image","twitter_site":"@urjc","schema":{"@context":"https:\/\/schema.org","@graph":[{"@type":"WebPage","@id":"https:\/\/www.urjc2030.es\/ov\/mejora-y-reduce-tu-huella-ecologica\/","url":"https:\/\/www.urjc2030.es\/ov\/mejora-y-reduce-tu-huella-ecologica\/","name":"Mejora y Reduce tu Huella Ecol\u00f3gica - Oficina Verde","isPartOf":{"@id":"https:\/\/www.urjc2030.es\/ov\/#website"},"primaryImageOfPage":{"@id":"https:\/\/www.urjc2030.es\/ov\/mejora-y-reduce-tu-huella-ecologica\/#primaryimage"},"image":{"@id":"https:\/\/www.urjc2030.es\/ov\/mejora-y-reduce-tu-huella-ecologica\/#primaryimage"},"thumbnailUrl":"https:\/\/www.urjc2030.es\/ov\/wp-content\/uploads\/sites\/8\/2020\/10\/img-post.jpg","datePublished":"2021-10-29T12:58:20+00:00","dateModified":"2021-11-24T16:37:25+00:00","breadcrumb":{"@id":"https:\/\/www.urjc2030.es\/ov\/mejora-y-reduce-tu-huella-ecologica\/#breadcrumb"},"inLanguage":"es","potentialAction":[{"@type":"ReadAction","target":["https:\/\/www.urjc2030.es\/ov\/mejora-y-reduce-tu-huella-ecologica\/"]}]},{"@type":"ImageObject","inLanguage":"es","@id":"https:\/\/www.urjc2030.es\/ov\/mejora-y-reduce-tu-huella-ecologica\/#primaryimage","url":"https:\/\/www.urjc2030.es\/ov\/wp-content\/uploads\/sites\/8\/2020\/10\/img-post.jpg","contentUrl":"https:\/\/www.urjc2030.es\/ov\/wp-content\/uploads\/sites\/8\/2020\/10\/img-post.jpg","width":600,"height":413,"caption":"Logotipo Universidad Rey Juan Carlos"},{"@type":"BreadcrumbList","@id":"https:\/\/www.urjc2030.es\/ov\/mejora-y-reduce-tu-huella-ecologica\/#breadcrumb","itemListElement":[{"@type":"ListItem","position":1,"name":"Portada","item":"https:\/\/www.urjc2030.es\/ov\/"},{"@type":"ListItem","position":2,"name":"Mejora y Reduce tu Huella Ecol\u00f3gica"}]},{"@type":"WebSite","@id":"https:\/\/www.urjc2030.es\/ov\/#website","url":"https:\/\/www.urjc2030.es\/ov\/","name":"Oficina Verde","description":"Trabaja para incorporar la sostenibilidad en cualquier \u00e1mbito de nuestra universidad (docencia, investigaci\u00f3n, administraci\u00f3n y gesti\u00f3n)","publisher":{"@id":"https:\/\/www.urjc2030.es\/ov\/#organization"},"potentialAction":[{"@type":"SearchAction","target":{"@type":"EntryPoint","urlTemplate":"https:\/\/www.urjc2030.es\/ov\/?s={search_term_string}"},"query-input":{"@type":"PropertyValueSpecification","valueRequired":true,"valueName":"search_term_string"}}],"inLanguage":"es"},{"@type":"Organization","@id":"https:\/\/www.urjc2030.es\/ov\/#organization","name":"Universidad Rey Juan Carlos","url":"https:\/\/www.urjc2030.es\/ov\/","logo":{"@type":"ImageObject","inLanguage":"es","@id":"https:\/\/www.urjc2030.es\/ov\/#\/schema\/logo\/image\/","url":"https:\/\/www.urjc2030.es\/ov\/wp-content\/uploads\/sites\/8\/2020\/10\/logoURJC.png","contentUrl":"https:\/\/www.urjc2030.es\/ov\/wp-content\/uploads\/sites\/8\/2020\/10\/logoURJC.png","width":800,"height":305,"caption":"Universidad Rey Juan Carlos"},"image":{"@id":"https:\/\/www.urjc2030.es\/ov\/#\/schema\/logo\/image\/"},"sameAs":["https:\/\/www.facebook.com\/universidadreyjuancarlos","https:\/\/x.com\/urjc","https:\/\/www.instagram.com\/urjc_uni\/?hl=es"]}]}},"_links":{"self":[{"href":"https:\/\/www.urjc2030.es\/ov\/wp-json\/wp\/v2\/pages\/1158","targetHints":{"allow":["GET"]}}],"collection":[{"href":"https:\/\/www.urjc2030.es\/ov\/wp-json\/wp\/v2\/pages"}],"about":[{"href":"https:\/\/www.urjc2030.es\/ov\/wp-json\/wp\/v2\/types\/page"}],"author":[{"embeddable":true,"href":"https:\/\/www.urjc2030.es\/ov\/wp-json\/wp\/v2\/users\/1"}],"replies":[{"embeddable":true,"href":"https:\/\/www.urjc2030.es\/ov\/wp-json\/wp\/v2\/comments?post=1158"}],"version-history":[{"count":15,"href":"https:\/\/www.urjc2030.es\/ov\/wp-json\/wp\/v2\/pages\/1158\/revisions"}],"predecessor-version":[{"id":1318,"href":"https:\/\/www.urjc2030.es\/ov\/wp-json\/wp\/v2\/pages\/1158\/revisions\/1318"}],"wp:featuredmedia":[{"embeddable":true,"href":"https:\/\/www.urjc2030.es\/ov\/wp-json\/wp\/v2\/media\/43"}],"wp:attachment":[{"href":"https:\/\/www.urjc2030.es\/ov\/wp-json\/wp\/v2\/media?parent=1158"}],"curies":[{"name":"wp","href":"https:\/\/api.w.org\/{rel}","templated":true}]}}