{"id":1234,"date":"2021-10-29T15:30:15","date_gmt":"2021-10-29T15:30:15","guid":{"rendered":"https:\/\/www.urjc2030.es\/ov\/?page_id=1234"},"modified":"2026-01-20T13:14:18","modified_gmt":"2026-01-20T13:14:18","slug":"agua","status":"publish","type":"page","link":"https:\/\/www.urjc2030.es\/ov\/mejora-y-reduce-tu-huella-ecologica\/agua\/","title":{"rendered":"Encuesta del Agua"},"content":{"rendered":"<p>[et_pb_section fb_built=\u00bb1&#8243; admin_label=\u00bbCABECERA\u00bb _builder_version=\u00bb4.16&#8243; _module_preset=\u00bbdefault\u00bb background_color=\u00bb#f2f2f2&#8243; background_enable_image=\u00bboff\u00bb custom_padding=\u00bb0px||0px||false|false\u00bb da_disable_devices=\u00bboff|off|off\u00bb locked=\u00bboff\u00bb global_colors_info=\u00bb{}\u00bb da_is_popup=\u00bboff\u00bb da_exit_intent=\u00bboff\u00bb da_has_close=\u00bbon\u00bb da_alt_close=\u00bboff\u00bb da_dark_close=\u00bboff\u00bb da_not_modal=\u00bbon\u00bb da_is_singular=\u00bboff\u00bb da_with_loader=\u00bboff\u00bb da_has_shadow=\u00bbon\u00bb][et_pb_row _builder_version=\u00bb4.16&#8243; _module_preset=\u00bbdefault\u00bb custom_padding=\u00bb25px||25px||false|false\u00bb global_colors_info=\u00bb{}\u00bb][et_pb_column type=\u00bb4_4&#8243; _builder_version=\u00bb4.16&#8243; _module_preset=\u00bbdefault\u00bb global_colors_info=\u00bb{}\u00bb][et_pb_text _builder_version=\u00bb4.16&#8243; _module_preset=\u00bbdefault\u00bb text_font=\u00bb|700|||||||\u00bb text_text_color=\u00bb#818181&#8243; text_font_size=\u00bb13px\u00bb text_letter_spacing=\u00bb0.5px\u00bb custom_margin=\u00bb0px||0px||false|false\u00bb custom_padding=\u00bb0px||0px||false|false\u00bb global_colors_info=\u00bb{}\u00bb]<\/p>\n<p><a class=\"color-grey\" href=\"https:\/\/www.urjc2030.es\/ov\/mejora-y-reduce-tu-huella-ecologica\/\">Mejora y reduce tu huella ecol\u00f3gica<\/a> &gt; Encuesta del Agua<\/p>\n<p>[\/et_pb_text][\/et_pb_column][\/et_pb_row][\/et_pb_section][et_pb_section fb_built=\u00bb1&#8243; admin_label=\u00bbLA UNIDAD\u00bb module_id=\u00bbla-unidad\u00bb _builder_version=\u00bb4.16&#8243; _module_preset=\u00bbdefault\u00bb custom_padding=\u00bb30px||0px||false|false\u00bb bottom_divider_flip=\u00bbvertical|horizontal\u00bb da_popup_slug=\u00bbla-unidad\u00bb da_disable_devices=\u00bboff|off|off\u00bb global_colors_info=\u00bb{}\u00bb da_is_popup=\u00bboff\u00bb da_exit_intent=\u00bboff\u00bb da_has_close=\u00bbon\u00bb da_alt_close=\u00bboff\u00bb da_dark_close=\u00bboff\u00bb da_not_modal=\u00bbon\u00bb da_is_singular=\u00bboff\u00bb da_with_loader=\u00bboff\u00bb da_has_shadow=\u00bbon\u00bb][et_pb_row _builder_version=\u00bb4.16&#8243; _module_preset=\u00bbdefault\u00bb custom_padding=\u00bb||3px||false|false\u00bb locked=\u00bboff\u00bb global_colors_info=\u00bb{}\u00bb][et_pb_column type=\u00bb4_4&#8243; _builder_version=\u00bb4.16&#8243; _module_preset=\u00bbdefault\u00bb global_colors_info=\u00bb{}\u00bb][et_pb_text module_class=\u00bbcolor-grey uppercase\u00bb _builder_version=\u00bb4.27.5&#8243; _module_preset=\u00bbdefault\u00bb text_font=\u00bbBebas Neue||||||||\u00bb text_font_size=\u00bb14px\u00bb header_font=\u00bb||||||||\u00bb header_2_font_size=\u00bb48px\u00bb header_2_line_height=\u00bb1.4em\u00bb header_4_text_align=\u00bbcenter\u00bb header_4_text_color=\u00bb#818181&#8243; header_4_font_size=\u00bb18.5px\u00bb header_4_letter_spacing=\u00bb1px\u00bb text_orientation=\u00bbcenter\u00bb custom_margin=\u00bb||0px||false|false\u00bb animation_style=\u00bbfade\u00bb header_2_font_size_tablet=\u00bb40px\u00bb header_2_font_size_phone=\u00bb40px\u00bb header_2_font_size_last_edited=\u00bbon|desktop\u00bb locked=\u00bboff\u00bb global_colors_info=\u00bb{}\u00bb]<\/p>\n<h4>Encuesta 2 de 5<\/h4>\n<p>[\/et_pb_text][et_pb_text module_class=\u00bbcolor-grey uppercase\u00bb _builder_version=\u00bb4.16&#8243; _module_preset=\u00bbdefault\u00bb text_font=\u00bbBebas Neue||||||||\u00bb text_font_size=\u00bb14px\u00bb header_font=\u00bb||||||||\u00bb header_2_font_size=\u00bb48px\u00bb header_2_line_height=\u00bb1.4em\u00bb header_3_text_color=\u00bb#cb0017&#8243; header_4_text_align=\u00bbcenter\u00bb header_4_text_color=\u00bb#818181&#8243; header_4_font_size=\u00bb18.5px\u00bb header_4_letter_spacing=\u00bb1px\u00bb text_orientation=\u00bbcenter\u00bb custom_margin=\u00bb||0px||false|false\u00bb animation_style=\u00bbfade\u00bb header_2_font_size_tablet=\u00bb40px\u00bb header_2_font_size_phone=\u00bb40px\u00bb header_2_font_size_last_edited=\u00bbon|desktop\u00bb locked=\u00bboff\u00bb global_colors_info=\u00bb{}\u00bb]<\/p>\n<h3>Agua<\/h3>\n<p>[\/et_pb_text][et_pb_text module_class=\u00bbcolor-grey uppercase\u00bb _builder_version=\u00bb4.16&#8243; _module_preset=\u00bbdefault\u00bb text_font=\u00bbBebas Neue||||||||\u00bb text_font_size=\u00bb14px\u00bb header_2_font_size=\u00bb48px\u00bb header_2_line_height=\u00bb1.4em\u00bb text_orientation=\u00bbcenter\u00bb custom_margin=\u00bb||1%||false|false\u00bb animation_style=\u00bbfade\u00bb link_option_url=\u00bbhttps:\/\/www.urjc2030.es\/ov\/mejora-y-reduce-tu-huella-ecologica\/agua\/\u00bb header_2_font_size_tablet=\u00bb40px\u00bb header_2_font_size_phone=\u00bb40px\u00bb header_2_font_size_last_edited=\u00bbon|desktop\u00bb locked=\u00bboff\u00bb global_colors_info=\u00bb{}\u00bb]<\/p>\n<h2><strong>REDUCE LA AMENAZA DE SEQU\u00cdA<\/strong><\/h2>\n<p>[\/et_pb_text][\/et_pb_column][\/et_pb_row][\/et_pb_section][et_pb_section fb_built=\u00bb1&#8243; admin_label=\u00bbOBJETIVOS\u00bb module_id=\u00bbhuella-ecologica\u00bb _builder_version=\u00bb4.16&#8243; _module_preset=\u00bbdefault\u00bb custom_padding=\u00bb30px||50px||false|false\u00bb top_divider_color=\u00bb#f9f9f9&#8243; bottom_divider_flip=\u00bbhorizontal|vertical\u00bb da_popup_slug=\u00bbhuella-ecologica\u00bb da_disable_devices=\u00bboff|off|off\u00bb locked=\u00bboff\u00bb global_colors_info=\u00bb{}\u00bb da_is_popup=\u00bboff\u00bb da_exit_intent=\u00bboff\u00bb da_has_close=\u00bbon\u00bb da_alt_close=\u00bboff\u00bb da_dark_close=\u00bboff\u00bb da_not_modal=\u00bbon\u00bb da_is_singular=\u00bboff\u00bb da_with_loader=\u00bboff\u00bb da_has_shadow=\u00bbon\u00bb][et_pb_row column_structure=\u00bb3_5,2_5&#8243; use_custom_gutter=\u00bbon\u00bb make_equal=\u00bbon\u00bb _builder_version=\u00bb4.16&#8243; _module_preset=\u00bbdefault\u00bb module_alignment=\u00bbcenter\u00bb custom_margin=\u00bb||50px||false|false\u00bb custom_padding=\u00bb||||false|false\u00bb locked=\u00bboff\u00bb global_colors_info=\u00bb{}\u00bb][et_pb_column type=\u00bb3_5&#8243; _builder_version=\u00bb4.16&#8243; _module_preset=\u00bbdefault\u00bb global_colors_info=\u00bb{}\u00bb][et_pb_text _builder_version=\u00bb4.27.5&#8243; _module_preset=\u00bbdefault\u00bb text_font=\u00bb||||||||\u00bb text_font_size=\u00bb16px\u00bb text_line_height=\u00bb1.8em\u00bb text_orientation=\u00bbjustified\u00bb global_colors_info=\u00bb{}\u00bb]\u00bfQu\u00e9 uso haces del agua en tu d\u00eda a d\u00eda? Con esta encuesta descubrir\u00e1s cu\u00e1les son tus h\u00e1bitos respecto a este recurso, y te daremos algunas ideas para que lo utilices de forma consciente y responsable. Te llevar\u00e1 5 minutos.[\/et_pb_text][et_pb_button button_url=\u00bbhttps:\/\/mejorayreducetuhuellaecologica.es\/\u00bb url_new_window=\u00bbon\u00bb button_text=\u00bbAccede a la encuesta\u00bb button_alignment=\u00bbleft\u00bb button_alignment_tablet=\u00bbcenter\u00bb button_alignment_phone=\u00bbcenter\u00bb button_alignment_last_edited=\u00bbon|phone\u00bb _builder_version=\u00bb4.27.5&#8243; _module_preset=\u00bbdefault\u00bb custom_button=\u00bbon\u00bb button_text_size=\u00bb16px\u00bb button_border_radius=\u00bb30px\u00bb hover_enabled=\u00bb0&#8243; global_colors_info=\u00bb{}\u00bb sticky_enabled=\u00bb0&#8243;][\/et_pb_button][\/et_pb_column][et_pb_column type=\u00bb2_5&#8243; _builder_version=\u00bb4.16&#8243; _module_preset=\u00bbdefault\u00bb global_colors_info=\u00bb{}\u00bb][et_pb_image src=\u00bbhttps:\/\/www.urjc2030.es\/ov\/wp-content\/uploads\/sites\/8\/2026\/01\/agua.webp\u00bb alt=\u00bbAgua\u00bb title_text=\u00bbagua\u00bb url_new_window=\u00bbon\u00bb _builder_version=\u00bb4.27.5&#8243; _module_preset=\u00bbdefault\u00bb max_width=\u00bb300px\u00bb module_alignment=\u00bbcenter\u00bb animation_style=\u00bbslide\u00bb animation_direction=\u00bbright\u00bb global_colors_info=\u00bb{}\u00bb][\/et_pb_image][\/et_pb_column][\/et_pb_row][\/et_pb_section]<\/p>\n","protected":false},"excerpt":{"rendered":"<p>Mejora y reduce tu huella ecol\u00f3gica &gt; Encuesta del AguaEncuesta 2 de 5AguaREDUCE LA AMENAZA DE SEQU\u00cdA\u00bfQu\u00e9 uso haces del agua en tu d\u00eda a d\u00eda? Con esta encuesta descubrir\u00e1s cu\u00e1les son tus h\u00e1bitos respecto a este recurso, y te daremos algunas ideas para que lo utilices de forma consciente y responsable. Te llevar\u00e1 5 [&hellip;]<\/p>\n","protected":false},"author":1,"featured_media":43,"parent":1158,"menu_order":0,"comment_status":"closed","ping_status":"closed","template":"","meta":{"_et_pb_use_builder":"on","_et_pb_old_content":"","_et_gb_content_width":"","cybocfi_hide_featured_image":"","footnotes":""},"class_list":["post-1234","page","type-page","status-publish","has-post-thumbnail","hentry"],"yoast_head":"<!-- This site is optimized with the Yoast SEO plugin v27.6 - https:\/\/yoast.com\/product\/yoast-seo-wordpress\/ -->\n<title>Encuesta del Agua - Oficina Verde<\/title>\n<meta name=\"robots\" content=\"index, follow, max-snippet:-1, max-image-preview:large, max-video-preview:-1\" \/>\n<link rel=\"canonical\" href=\"https:\/\/www.urjc2030.es\/ov\/mejora-y-reduce-tu-huella-ecologica\/agua\/\" \/>\n<meta property=\"og:locale\" content=\"es_ES\" \/>\n<meta property=\"og:type\" content=\"article\" \/>\n<meta property=\"og:title\" content=\"Encuesta del Agua - Oficina Verde\" \/>\n<meta property=\"og:description\" content=\"Mejora y reduce tu huella ecol\u00f3gica &gt; Encuesta del AguaEncuesta 2 de 5AguaREDUCE LA AMENAZA DE SEQU\u00cdA\u00bfQu\u00e9 uso haces del agua en tu d\u00eda a d\u00eda? Con esta encuesta descubrir\u00e1s cu\u00e1les son tus h\u00e1bitos respecto a este recurso, y te daremos algunas ideas para que lo utilices de forma consciente y responsable. Te llevar\u00e1 5 [&hellip;]\" \/>\n<meta property=\"og:url\" content=\"https:\/\/www.urjc2030.es\/ov\/mejora-y-reduce-tu-huella-ecologica\/agua\/\" \/>\n<meta property=\"og:site_name\" content=\"Oficina Verde\" \/>\n<meta property=\"article:publisher\" content=\"https:\/\/www.facebook.com\/universidadreyjuancarlos\" \/>\n<meta property=\"article:modified_time\" content=\"2026-01-20T13:14:18+00:00\" \/>\n<meta property=\"og:image\" content=\"https:\/\/www.urjc2030.es\/ov\/wp-content\/uploads\/sites\/8\/2020\/10\/img-post.jpg\" \/>\n\t<meta property=\"og:image:width\" content=\"600\" \/>\n\t<meta property=\"og:image:height\" content=\"413\" \/>\n\t<meta property=\"og:image:type\" content=\"image\/jpeg\" \/>\n<meta name=\"twitter:card\" content=\"summary_large_image\" \/>\n<meta name=\"twitter:site\" content=\"@urjc\" \/>\n<script type=\"application\/ld+json\" class=\"yoast-schema-graph\">{\"@context\":\"https:\\\/\\\/schema.org\",\"@graph\":[{\"@type\":\"WebPage\",\"@id\":\"https:\\\/\\\/www.urjc2030.es\\\/ov\\\/mejora-y-reduce-tu-huella-ecologica\\\/agua\\\/\",\"url\":\"https:\\\/\\\/www.urjc2030.es\\\/ov\\\/mejora-y-reduce-tu-huella-ecologica\\\/agua\\\/\",\"name\":\"Encuesta del Agua - Oficina Verde\",\"isPartOf\":{\"@id\":\"https:\\\/\\\/www.urjc2030.es\\\/ov\\\/#website\"},\"primaryImageOfPage\":{\"@id\":\"https:\\\/\\\/www.urjc2030.es\\\/ov\\\/mejora-y-reduce-tu-huella-ecologica\\\/agua\\\/#primaryimage\"},\"image\":{\"@id\":\"https:\\\/\\\/www.urjc2030.es\\\/ov\\\/mejora-y-reduce-tu-huella-ecologica\\\/agua\\\/#primaryimage\"},\"thumbnailUrl\":\"https:\\\/\\\/www.urjc2030.es\\\/ov\\\/wp-content\\\/uploads\\\/sites\\\/8\\\/2020\\\/10\\\/img-post.jpg\",\"datePublished\":\"2021-10-29T15:30:15+00:00\",\"dateModified\":\"2026-01-20T13:14:18+00:00\",\"breadcrumb\":{\"@id\":\"https:\\\/\\\/www.urjc2030.es\\\/ov\\\/mejora-y-reduce-tu-huella-ecologica\\\/agua\\\/#breadcrumb\"},\"inLanguage\":\"es\",\"potentialAction\":[{\"@type\":\"ReadAction\",\"target\":[\"https:\\\/\\\/www.urjc2030.es\\\/ov\\\/mejora-y-reduce-tu-huella-ecologica\\\/agua\\\/\"]}]},{\"@type\":\"ImageObject\",\"inLanguage\":\"es\",\"@id\":\"https:\\\/\\\/www.urjc2030.es\\\/ov\\\/mejora-y-reduce-tu-huella-ecologica\\\/agua\\\/#primaryimage\",\"url\":\"https:\\\/\\\/www.urjc2030.es\\\/ov\\\/wp-content\\\/uploads\\\/sites\\\/8\\\/2020\\\/10\\\/img-post.jpg\",\"contentUrl\":\"https:\\\/\\\/www.urjc2030.es\\\/ov\\\/wp-content\\\/uploads\\\/sites\\\/8\\\/2020\\\/10\\\/img-post.jpg\",\"width\":600,\"height\":413,\"caption\":\"Logotipo Universidad Rey Juan Carlos\"},{\"@type\":\"BreadcrumbList\",\"@id\":\"https:\\\/\\\/www.urjc2030.es\\\/ov\\\/mejora-y-reduce-tu-huella-ecologica\\\/agua\\\/#breadcrumb\",\"itemListElement\":[{\"@type\":\"ListItem\",\"position\":1,\"name\":\"Portada\",\"item\":\"https:\\\/\\\/www.urjc2030.es\\\/ov\\\/\"},{\"@type\":\"ListItem\",\"position\":2,\"name\":\"Mejora y Reduce tu Huella Ecol\u00f3gica\",\"item\":\"https:\\\/\\\/www.urjc2030.es\\\/ov\\\/mejora-y-reduce-tu-huella-ecologica\\\/\"},{\"@type\":\"ListItem\",\"position\":3,\"name\":\"Encuesta del Agua\"}]},{\"@type\":\"WebSite\",\"@id\":\"https:\\\/\\\/www.urjc2030.es\\\/ov\\\/#website\",\"url\":\"https:\\\/\\\/www.urjc2030.es\\\/ov\\\/\",\"name\":\"Oficina Verde\",\"description\":\"Trabaja para incorporar la sostenibilidad en cualquier \u00e1mbito de nuestra universidad (docencia, investigaci\u00f3n, administraci\u00f3n y gesti\u00f3n)\",\"publisher\":{\"@id\":\"https:\\\/\\\/www.urjc2030.es\\\/ov\\\/#organization\"},\"potentialAction\":[{\"@type\":\"SearchAction\",\"target\":{\"@type\":\"EntryPoint\",\"urlTemplate\":\"https:\\\/\\\/www.urjc2030.es\\\/ov\\\/?s={search_term_string}\"},\"query-input\":{\"@type\":\"PropertyValueSpecification\",\"valueRequired\":true,\"valueName\":\"search_term_string\"}}],\"inLanguage\":\"es\"},{\"@type\":\"Organization\",\"@id\":\"https:\\\/\\\/www.urjc2030.es\\\/ov\\\/#organization\",\"name\":\"Universidad Rey Juan Carlos\",\"url\":\"https:\\\/\\\/www.urjc2030.es\\\/ov\\\/\",\"logo\":{\"@type\":\"ImageObject\",\"inLanguage\":\"es\",\"@id\":\"https:\\\/\\\/www.urjc2030.es\\\/ov\\\/#\\\/schema\\\/logo\\\/image\\\/\",\"url\":\"https:\\\/\\\/www.urjc2030.es\\\/ov\\\/wp-content\\\/uploads\\\/sites\\\/8\\\/2020\\\/10\\\/logoURJC.png\",\"contentUrl\":\"https:\\\/\\\/www.urjc2030.es\\\/ov\\\/wp-content\\\/uploads\\\/sites\\\/8\\\/2020\\\/10\\\/logoURJC.png\",\"width\":800,\"height\":305,\"caption\":\"Universidad Rey Juan Carlos\"},\"image\":{\"@id\":\"https:\\\/\\\/www.urjc2030.es\\\/ov\\\/#\\\/schema\\\/logo\\\/image\\\/\"},\"sameAs\":[\"https:\\\/\\\/www.facebook.com\\\/universidadreyjuancarlos\",\"https:\\\/\\\/x.com\\\/urjc\",\"https:\\\/\\\/www.instagram.com\\\/urjc_uni\\\/?hl=es\"]}]}<\/script>\n<!-- \/ Yoast SEO plugin. -->","yoast_head_json":{"title":"Encuesta del Agua - Oficina Verde","robots":{"index":"index","follow":"follow","max-snippet":"max-snippet:-1","max-image-preview":"max-image-preview:large","max-video-preview":"max-video-preview:-1"},"canonical":"https:\/\/www.urjc2030.es\/ov\/mejora-y-reduce-tu-huella-ecologica\/agua\/","og_locale":"es_ES","og_type":"article","og_title":"Encuesta del Agua - Oficina Verde","og_description":"Mejora y reduce tu huella ecol\u00f3gica &gt; Encuesta del AguaEncuesta 2 de 5AguaREDUCE LA AMENAZA DE SEQU\u00cdA\u00bfQu\u00e9 uso haces del agua en tu d\u00eda a d\u00eda? Con esta encuesta descubrir\u00e1s cu\u00e1les son tus h\u00e1bitos respecto a este recurso, y te daremos algunas ideas para que lo utilices de forma consciente y responsable. Te llevar\u00e1 5 [&hellip;]","og_url":"https:\/\/www.urjc2030.es\/ov\/mejora-y-reduce-tu-huella-ecologica\/agua\/","og_site_name":"Oficina Verde","article_publisher":"https:\/\/www.facebook.com\/universidadreyjuancarlos","article_modified_time":"2026-01-20T13:14:18+00:00","og_image":[{"width":600,"height":413,"url":"https:\/\/www.urjc2030.es\/ov\/wp-content\/uploads\/sites\/8\/2020\/10\/img-post.jpg","type":"image\/jpeg"}],"twitter_card":"summary_large_image","twitter_site":"@urjc","schema":{"@context":"https:\/\/schema.org","@graph":[{"@type":"WebPage","@id":"https:\/\/www.urjc2030.es\/ov\/mejora-y-reduce-tu-huella-ecologica\/agua\/","url":"https:\/\/www.urjc2030.es\/ov\/mejora-y-reduce-tu-huella-ecologica\/agua\/","name":"Encuesta del Agua - Oficina Verde","isPartOf":{"@id":"https:\/\/www.urjc2030.es\/ov\/#website"},"primaryImageOfPage":{"@id":"https:\/\/www.urjc2030.es\/ov\/mejora-y-reduce-tu-huella-ecologica\/agua\/#primaryimage"},"image":{"@id":"https:\/\/www.urjc2030.es\/ov\/mejora-y-reduce-tu-huella-ecologica\/agua\/#primaryimage"},"thumbnailUrl":"https:\/\/www.urjc2030.es\/ov\/wp-content\/uploads\/sites\/8\/2020\/10\/img-post.jpg","datePublished":"2021-10-29T15:30:15+00:00","dateModified":"2026-01-20T13:14:18+00:00","breadcrumb":{"@id":"https:\/\/www.urjc2030.es\/ov\/mejora-y-reduce-tu-huella-ecologica\/agua\/#breadcrumb"},"inLanguage":"es","potentialAction":[{"@type":"ReadAction","target":["https:\/\/www.urjc2030.es\/ov\/mejora-y-reduce-tu-huella-ecologica\/agua\/"]}]},{"@type":"ImageObject","inLanguage":"es","@id":"https:\/\/www.urjc2030.es\/ov\/mejora-y-reduce-tu-huella-ecologica\/agua\/#primaryimage","url":"https:\/\/www.urjc2030.es\/ov\/wp-content\/uploads\/sites\/8\/2020\/10\/img-post.jpg","contentUrl":"https:\/\/www.urjc2030.es\/ov\/wp-content\/uploads\/sites\/8\/2020\/10\/img-post.jpg","width":600,"height":413,"caption":"Logotipo Universidad Rey Juan Carlos"},{"@type":"BreadcrumbList","@id":"https:\/\/www.urjc2030.es\/ov\/mejora-y-reduce-tu-huella-ecologica\/agua\/#breadcrumb","itemListElement":[{"@type":"ListItem","position":1,"name":"Portada","item":"https:\/\/www.urjc2030.es\/ov\/"},{"@type":"ListItem","position":2,"name":"Mejora y Reduce tu Huella Ecol\u00f3gica","item":"https:\/\/www.urjc2030.es\/ov\/mejora-y-reduce-tu-huella-ecologica\/"},{"@type":"ListItem","position":3,"name":"Encuesta del Agua"}]},{"@type":"WebSite","@id":"https:\/\/www.urjc2030.es\/ov\/#website","url":"https:\/\/www.urjc2030.es\/ov\/","name":"Oficina Verde","description":"Trabaja para incorporar la sostenibilidad en cualquier \u00e1mbito de nuestra universidad (docencia, investigaci\u00f3n, administraci\u00f3n y gesti\u00f3n)","publisher":{"@id":"https:\/\/www.urjc2030.es\/ov\/#organization"},"potentialAction":[{"@type":"SearchAction","target":{"@type":"EntryPoint","urlTemplate":"https:\/\/www.urjc2030.es\/ov\/?s={search_term_string}"},"query-input":{"@type":"PropertyValueSpecification","valueRequired":true,"valueName":"search_term_string"}}],"inLanguage":"es"},{"@type":"Organization","@id":"https:\/\/www.urjc2030.es\/ov\/#organization","name":"Universidad Rey Juan Carlos","url":"https:\/\/www.urjc2030.es\/ov\/","logo":{"@type":"ImageObject","inLanguage":"es","@id":"https:\/\/www.urjc2030.es\/ov\/#\/schema\/logo\/image\/","url":"https:\/\/www.urjc2030.es\/ov\/wp-content\/uploads\/sites\/8\/2020\/10\/logoURJC.png","contentUrl":"https:\/\/www.urjc2030.es\/ov\/wp-content\/uploads\/sites\/8\/2020\/10\/logoURJC.png","width":800,"height":305,"caption":"Universidad Rey Juan Carlos"},"image":{"@id":"https:\/\/www.urjc2030.es\/ov\/#\/schema\/logo\/image\/"},"sameAs":["https:\/\/www.facebook.com\/universidadreyjuancarlos","https:\/\/x.com\/urjc","https:\/\/www.instagram.com\/urjc_uni\/?hl=es"]}]}},"_links":{"self":[{"href":"https:\/\/www.urjc2030.es\/ov\/wp-json\/wp\/v2\/pages\/1234","targetHints":{"allow":["GET"]}}],"collection":[{"href":"https:\/\/www.urjc2030.es\/ov\/wp-json\/wp\/v2\/pages"}],"about":[{"href":"https:\/\/www.urjc2030.es\/ov\/wp-json\/wp\/v2\/types\/page"}],"author":[{"embeddable":true,"href":"https:\/\/www.urjc2030.es\/ov\/wp-json\/wp\/v2\/users\/1"}],"replies":[{"embeddable":true,"href":"https:\/\/www.urjc2030.es\/ov\/wp-json\/wp\/v2\/comments?post=1234"}],"version-history":[{"count":8,"href":"https:\/\/www.urjc2030.es\/ov\/wp-json\/wp\/v2\/pages\/1234\/revisions"}],"predecessor-version":[{"id":1637,"href":"https:\/\/www.urjc2030.es\/ov\/wp-json\/wp\/v2\/pages\/1234\/revisions\/1637"}],"up":[{"embeddable":true,"href":"https:\/\/www.urjc2030.es\/ov\/wp-json\/wp\/v2\/pages\/1158"}],"wp:featuredmedia":[{"embeddable":true,"href":"https:\/\/www.urjc2030.es\/ov\/wp-json\/wp\/v2\/media\/43"}],"wp:attachment":[{"href":"https:\/\/www.urjc2030.es\/ov\/wp-json\/wp\/v2\/media?parent=1234"}],"curies":[{"name":"wp","href":"https:\/\/api.w.org\/{rel}","templated":true}]}}